{"id":7,"date":"2019-11-21T15:32:49","date_gmt":"2019-11-21T14:32:49","guid":{"rendered":"https:\/\/helidovonne.wordpress.com\/?page_id=2"},"modified":"2024-12-03T22:31:36","modified_gmt":"2024-12-03T21:31:36","slug":"helidivonne","status":"publish","type":"page","link":"https:\/\/heli-divonne.fr\/","title":{"rendered":"Heli Divonne"},"content":{"rendered":"\n<h3>Qui sommes nous:<\/h3>\n\n\n\n<p>Nous sommes un club d&#8217;a\u00e9romod\u00e9lisme h\u00e9licopt\u00e8re, cr\u00e9\u00e9 en 1989.<br><br>Nous sommes aussi l&#8217;un des tout premiers clubs en France,\u00a0r\u00e9serv\u00e9 exclusivement\u00a0aux h\u00e9licopt\u00e8res mod\u00e8les r\u00e9duits, et \u00e0 \u00eatre affili\u00e9 \u00e0 la\u00a0<a rel=\"noreferrer noopener\" aria-label=\" (s\u2019ouvre dans un nouvel onglet)\" href=\"https:\/\/www.ffam.asso.fr\/\" target=\"_blank\">F\u00e9d\u00e9ration Fran\u00e7aise d&#8217;A\u00e9romod\u00e9lisme<\/a>.<\/p>\n\n\n\n<h3>O\u00f9 sommes nous:<\/h3>\n\n\n\n<p>Le club Heli-Divonne est situ\u00e9 dans l&#8217;Ain, dans la charmante ville thermale de&nbsp;<a href=\"http:\/\/www.divonnelesbains.fr\/\" target=\"_blank\" rel=\"noreferrer noopener\">Divonne Les Bains<\/a>, ville frontali\u00e8re de la Suisse \u00e0 seulement 15min de Gen\u00e8ve.<br>Coordonn\u00e9es GPS du terrain : <a aria-label=\"46.336475, 6.131376 (s\u2019ouvre dans un nouvel onglet)\" href=\"https:\/\/www.google.ch\/maps\/place\/46\u00b020'11.3%22N+6\u00b007'53.0%22E\/@46.3364759,6.1308288,199m\/data=!3m2!1e3!4b1!4m5!3m4!1s0x0:0x0!8m2!3d46.336475!4d6.131376\" target=\"_blank\" rel=\"noreferrer noopener\">46.336475, 6.131376<\/a><\/p>\n\n\n\n<p><\/p>\n\n\n\n<hr class=\"wp-block-separator has-css-opacity\"\/>\n\n\n\n<h2>News<\/h2>\n\n\n<ul class=\"wp-block-latest-posts__list has-dates wp-block-latest-posts\"><li><a class=\"wp-block-latest-posts__post-title\" href=\"https:\/\/heli-divonne.fr\/index.php\/2026\/02\/11\/sympo-2024\/\">Sympo 2026<\/a><time datetime=\"2026-02-11T18:27:58+01:00\" class=\"wp-block-latest-posts__post-date\">11 February 2026<\/time><\/li>\n<\/ul>\n\n\n<hr class=\"wp-block-separator has-css-opacity\"\/>\n\n\n\n<p class=\"has-small-font-size\">Copyright Heli Divonne &#8211; All rights reserved<\/p>\n","protected":false},"excerpt":{"rendered":"<p>Qui sommes nous: Nous sommes un club d&#8217;a\u00e9romod\u00e9lisme h\u00e9licopt\u00e8re, cr\u00e9\u00e9 en 1989. Nous sommes aussi l&#8217;un des tout premiers clubs en France,\u00a0r\u00e9serv\u00e9 exclusivement\u00a0aux h\u00e9licopt\u00e8res mod\u00e8les r\u00e9duits, et \u00e0 \u00eatre affili\u00e9 \u00e0 la\u00a0F\u00e9d\u00e9ration Fran\u00e7aise d&#8217;A\u00e9romod\u00e9lisme. O\u00f9 sommes nous: Le club Heli-Divonne est situ\u00e9 dans l&#8217;Ain, dans la charmante ville thermale de&nbsp;Divonne Les Bains, ville frontali\u00e8re de [&hellip;]<\/p>\n","protected":false},"author":1,"featured_media":34,"parent":0,"menu_order":1,"comment_status":"closed","ping_status":"closed","template":"","meta":[],"_links":{"self":[{"href":"https:\/\/heli-divonne.fr\/index.php\/wp-json\/wp\/v2\/pages\/7"}],"collection":[{"href":"https:\/\/heli-divonne.fr\/index.php\/wp-json\/wp\/v2\/pages"}],"about":[{"href":"https:\/\/heli-divonne.fr\/index.php\/wp-json\/wp\/v2\/types\/page"}],"author":[{"embeddable":true,"href":"https:\/\/heli-divonne.fr\/index.php\/wp-json\/wp\/v2\/users\/1"}],"replies":[{"embeddable":true,"href":"https:\/\/heli-divonne.fr\/index.php\/wp-json\/wp\/v2\/comments?post=7"}],"version-history":[{"count":14,"href":"https:\/\/heli-divonne.fr\/index.php\/wp-json\/wp\/v2\/pages\/7\/revisions"}],"predecessor-version":[{"id":1070,"href":"https:\/\/heli-divonne.fr\/index.php\/wp-json\/wp\/v2\/pages\/7\/revisions\/1070"}],"wp:featuredmedia":[{"embeddable":true,"href":"https:\/\/heli-divonne.fr\/index.php\/wp-json\/"}],"wp:attachment":[{"href":"https:\/\/heli-divonne.fr\/index.php\/wp-json\/wp\/v2\/media?parent=7"}],"curies":[{"name":"wp","href":"https:\/\/api.w.org\/{rel}","templated":true}]}}