{"id":614,"date":"2023-01-18T20:49:31","date_gmt":"2023-01-18T19:49:31","guid":{"rendered":"https:\/\/heli-divonne.fr\/?page_id=614"},"modified":"2023-01-25T22:16:36","modified_gmt":"2023-01-25T21:16:36","slug":"symposium-2023de","status":"publish","type":"page","link":"https:\/\/heli-divonne.fr\/index.php\/symposium-2023de\/","title":{"rendered":"Sympo 2023"},"content":{"rendered":"\n<div class=\"is-layout-flex wp-block-buttons is-content-justification-center\">\n<div class=\"wp-block-button\"><a class=\"wp-block-button__link has-background-color has-secondary-background-color has-text-color has-background\" href=\"https:\/\/heli-divonne.fr\/index.php\/symposium-2023\/\" style=\"border-radius:10px\">Fran\u00e7ais<\/a><\/div>\n<\/div>\n\n\n\n<p id=\"block-9eec9265-2d1a-4cf5-bc82-0d4997645daa\">In diesem Jahr 2023 organisiert der Club H\u00e9li-Divonne am 3. und 4. Juni sein traditionelles internationales Treffen von R\/C Maquettes Hubschraubern und l\u00e4dt Sie an seinen \u00fcblichen Ort ein.<\/p>\n\n\n\n<p id=\"block-cac8a38e-2879-4709-853b-11a4ccc0a1b7\">Wir k\u00f6nnen Sie f\u00fcr diejenigen, die es w\u00fcnschen, ab Freitag, begr\u00fc\u00dfen, der Boden steht Ihnen f\u00fcr Freifl\u00fcge zur Verf\u00fcgung.<\/p>\n\n\n\n<p id=\"block-3f5d38a7-5e9f-4c4d-80e3-afc67cb31726\">Wie in den Vorjahren ist dieses Treffen ausschlie\u00dflich f\u00fcr (Halb-)Models reserviert, den Trainern ist es w\u00e4hrend dieser 2 Tage verboten zu fliegen, um den vielen pr\u00e4chtigen Maschinen unserer G\u00e4ste Platz zu machen (vielen Dank f\u00fcr Ihr Verst\u00e4ndnis).<\/p>\n\n\n\n<p id=\"block-f274fe01-86b3-4a60-82d9-6493b602eb13\">Dieses Treffen, das vor allem freundlich, entspannt und nicht wettbewerbsf\u00e4hig sein soll, zielt darauf ab, Beziehungen zwischen Liebhabern von rotierenden Segeln zu schaffen und zu pflegen.<\/p>\n\n\n\n<p id=\"block-dbbfbd4b-fef8-4cc2-8be5-caf33a9a1c6e\">F\u00fcr Upgrades ist die F.F.A.M.-Lizenz oder eine andere Haftpflichtversicherung erforderlich. Jeder registrierte Fahrer erh\u00e4lt ein Souvenir f\u00fcr seine Teilnahme an diesem Treffen.<\/p>\n\n\n\n<p id=\"block-21d2a803-53dc-48a0-9b5f-bb2c8e34623c\">Wir erinnern Sie daran, dass alle Piloten das &#8220;UAV&#8221;-Gesetz einhalten m\u00fcssen, vergessen Sie nicht, Ihre Modelle zu registrieren und Ihre Fernpilotenausbildung abzuschlie\u00dfen. Informationen auf der Website der Zivilluftfahrt: <a href=\"https:\/\/alphatango.aviation-civile.gouv.fr\/\">https:\/\/alphatango.aviation-civile.gouv.fr<\/a><\/p>\n\n\n\n<p id=\"block-f813db02-1e0d-403f-8c3d-53b44a4479f2\">Eine Liste der Hotels in der Umgebung finden Sie unter folgendem Link :-<br><a href=\"https:\/\/www.google.com\/maps\/search\/Hotels\/@46.3551753,6.1449368,13.75z\/data=!4m2!2m1!6e3\">https:\/\/www.google.com\/maps\/search\/Hotels\/@46.3551753,6.1449368,13.75z\/data=!4m2!2m1!6e3<\/a><\/p>\n\n\n\n<p id=\"block-6e89969a-33d1-485e-b462-a6091c7e3d78\">Die Reiseroute ist ausgeschildert, um Ihnen den Zugang zur Website zu erleichtern. Die Funkzentrale empf\u00e4ngt Sie, sobald Sie zur Registrierung Ihrer Ausr\u00fcstung ankommen.<\/p>\n\n\n\n<div class=\"is-layout-flex wp-block-buttons\">\n<div class=\"wp-block-button\"><a class=\"wp-block-button__link\" href=\"https:\/\/heli-divonne.fr\/index.php\/anmeldung-symposium\/\">AnmeldeFormular<\/a><\/div>\n<\/div>\n\n\n\n<h3 id=\"block-3a45007f-f634-409e-baf8-06054df3b79d\">Freitag:<\/h3>\n\n\n\n<ul id=\"block-d51059f7-d157-467e-9b65-af8c97abcc5a\"><li>Kostenlose Fl\u00fcge<\/li><li>Picknick-Mittagessen aus der Tasche (Barbecue zur Verf\u00fcgung)<\/li><li>Freundliches Essen f\u00fcr die Teilnehmer, Anmeldung erw\u00fcnscht<\/li><\/ul>\n\n\n\n<hr class=\"wp-block-separator\" id=\"block-ba29624b-5660-43a4-9202-547f880249ff\"\/>\n\n\n\n<h3 id=\"block-fe0ef989-1385-4831-bd8f-3ac1d63fba4f\">Samstag:<\/h3>\n\n\n\n<ul id=\"block-c633b866-31cc-40d3-890d-c870f3491f76\"><li>Ab 8:30 Uhr: Begr\u00fc\u00dfung und Registrierung der Piloten<\/li><li>Kostenlose Fl\u00fcge unter der Kontrolle des Funkleitstandes<\/li><li>10:00 Uhr Briefing<\/li><li>12:00 Uhr: Begr\u00fc\u00dfungsansprache<\/li><li>12:30 Uhr: Mahlzeiten<\/li><li>Freifl\u00fcge unter der Kontrolle des Funkleitstandes<\/li><li>19:30 Uhr: Aperitif<\/li><li>19:30 Uhr: Abendessen<\/li><li>Wiederaufnahme der Fl\u00fcge f\u00fcr die Mutigsten<\/li><\/ul>\n\n\n\n<h2>Sonntag:<\/h2>\n\n\n\n<ul><li> Ab 8:30 Uhr: Begr\u00fc\u00dfung der Piloten und Registrierung der Funkger\u00e4te (obligatorisch auch die 2.4Ghz)<\/li><li>Kostenlose Fl\u00fcge unter der Kontrolle des Funkleitstandes<\/li><li>10:00 Uhr Briefing<\/li><li>12:00 Uhr: Begr\u00fc\u00dfungsansprache<\/li><li>12:30 Uhr: Mahlzeiten <\/li><li>Freifl\u00fcge unter der Kontrolle des Funkleitstandes<\/li><\/ul>\n\n\n\n<p><\/p>\n","protected":false},"excerpt":{"rendered":"<p>In diesem Jahr 2023 organisiert der Club H\u00e9li-Divonne am 3. und 4. Juni sein traditionelles internationales Treffen von R\/C Maquettes Hubschraubern und l\u00e4dt Sie an seinen \u00fcblichen Ort ein. Wir k\u00f6nnen Sie f\u00fcr diejenigen, die es w\u00fcnschen, ab Freitag, begr\u00fc\u00dfen, der Boden steht Ihnen f\u00fcr Freifl\u00fcge zur Verf\u00fcgung. Wie in den Vorjahren ist dieses Treffen [&hellip;]<\/p>\n","protected":false},"author":1,"featured_media":0,"parent":0,"menu_order":0,"comment_status":"closed","ping_status":"closed","template":"","meta":[],"_links":{"self":[{"href":"https:\/\/heli-divonne.fr\/index.php\/wp-json\/wp\/v2\/pages\/614"}],"collection":[{"href":"https:\/\/heli-divonne.fr\/index.php\/wp-json\/wp\/v2\/pages"}],"about":[{"href":"https:\/\/heli-divonne.fr\/index.php\/wp-json\/wp\/v2\/types\/page"}],"author":[{"embeddable":true,"href":"https:\/\/heli-divonne.fr\/index.php\/wp-json\/wp\/v2\/users\/1"}],"replies":[{"embeddable":true,"href":"https:\/\/heli-divonne.fr\/index.php\/wp-json\/wp\/v2\/comments?post=614"}],"version-history":[{"count":10,"href":"https:\/\/heli-divonne.fr\/index.php\/wp-json\/wp\/v2\/pages\/614\/revisions"}],"predecessor-version":[{"id":663,"href":"https:\/\/heli-divonne.fr\/index.php\/wp-json\/wp\/v2\/pages\/614\/revisions\/663"}],"wp:attachment":[{"href":"https:\/\/heli-divonne.fr\/index.php\/wp-json\/wp\/v2\/media?parent=614"}],"curies":[{"name":"wp","href":"https:\/\/api.w.org\/{rel}","templated":true}]}}