{"id":611,"date":"2023-01-18T20:48:45","date_gmt":"2023-01-18T19:48:45","guid":{"rendered":"https:\/\/heli-divonne.fr\/?page_id=611"},"modified":"2023-01-18T21:36:04","modified_gmt":"2023-01-18T20:36:04","slug":"symposium-2023","status":"publish","type":"page","link":"https:\/\/heli-divonne.fr\/index.php\/symposium-2023\/","title":{"rendered":"Sympo 2023"},"content":{"rendered":"\n<div class=\"is-layout-flex wp-block-buttons is-content-justification-center\">\n<div class=\"wp-block-button has-custom-width wp-block-button__width-50 is-style-fill\"><a class=\"wp-block-button__link has-background-color has-secondary-background-color has-text-color has-background\" href=\"https:\/\/heli-divonne.fr\/index.php\/symposium-2023de\/\" style=\"border-radius:10px\">Deutsch<\/a><\/div>\n<\/div>\n\n\n\n<p>Cette ann\u00e9e 2023. le club H\u00e9li-Divonne organise les 3 et 4 Juin sa traditionnelle rencontre internationale d&#8217;h\u00e9licopt\u00e8res R\/C Maquettes et vous invite sur son terrain habituel.<\/p>\n\n\n\n<p>Nous pouvons vous accueillir pour ceux qu\u2019ils le veulent \u00e0 partir du vendredi 2 juin, le terrain sera \u00e0 votre disposition pour des vols libres.<\/p>\n\n\n\n<p>Comme les ann\u00e9es pr\u00e9c\u00e9dentes, cette rencontre sera exclusivement r\u00e9serv\u00e9e aux Maquettes (semi), les trainers sont interdits de vols pendant ces 2 jours afin de laisser place aux nombreuses magnifiques machines de nos invit\u00e9s (merci de votre compr\u00e9hension).<\/p>\n\n\n\n<p>Cette rencontre qui se veut avant toute conviviale, d\u00e9contract\u00e9e et sans esprit de comp\u00e9tition a pour but de cr\u00e9er et d&#8217;entretenir les relations entre amoureux de voilures tournantes.<\/p>\n\n\n\n<p>La licence F.F.A.M ou une autre assurance RC sera exig\u00e9e pour les \u00e9volutions. Chaque pilote inscrit recevra un souvenir pour sa participation \u00e0 cette rencontre.<\/p>\n\n\n\n<p>Nous vous rappelons que tous les pilotes doivent se conformer \u00e0 la loi &#8220;dr\u00f4nes&#8221;, n&#8217;oubliez pas d&#8217;enregistrer vos mod\u00e8les et de terminer votre formation de t\u00e9l\u00e9pilote. Renseignements sur le site de l&#8217;aviation civile : <a href=\"https:\/\/alphatango.aviation-civile.gouv.fr\">https:\/\/alphatango.aviation-civile.gouv.fr<\/a><\/p>\n\n\n\n<p>Pour une liste d&#8217;h\u00f4tels dans la r\u00e9gion, veuillez consulter le lien suivant<br> <a href=\"https:\/\/www.google.com\/maps\/search\/Hotels\/@46.3551753,6.1449368,13.75z\/data=!4m2!2m1!6e3\">https:\/\/www.google.com\/maps\/search\/Hotels\/@46.3551753,6.1449368,13.75z\/data=!4m2!2m1!6e3<\/a> <\/p>\n\n\n\n<p>L&#8217;itin\u00e9raire sera fl\u00e9ch\u00e9 pour vous faciliter l&#8217;acc\u00e8s au terrain. La r\u00e9gie radios vous accueillera d\u00e8s votre arriv\u00e9e pour l&#8217;enregistrement de votre mat\u00e9riel.<\/p>\n\n\n\n<div class=\"is-layout-flex wp-block-buttons\">\n<div class=\"wp-block-button\"><a class=\"wp-block-button__link has-background-color has-text-color\" href=\"https:\/\/heli-divonne.fr\/index.php\/inscription-symposium\/\" style=\"border-radius:10px\">Formulaire d&#8217;inscription<\/a><\/div>\n<\/div>\n\n\n\n<h3 class=\"has-text-align-left\">Vendredi:<\/h3>\n\n\n\n<ul><li>Vols libres.<\/li><li>Buvette vendredi apr\u00e8s midi, barbecue \u00e0 disposition<\/li><li>Ap\u00e9ritif d\u00eenatoire offert aux participants, inscription bienvenue<\/li><\/ul>\n\n\n\n<hr class=\"wp-block-separator\"\/>\n\n\n\n<h3>Le Samedi:<\/h3>\n\n\n\n<ul><li>Des 8h30: Accueil des pilotes et enregistrement des radios (obligatoire m\u00eame les 2.4Ghz)<\/li><li>Vols libres sous contr\u00f4le de la r\u00e9gie radio.<\/li><li>10h00 Briefing<\/li><li>12h00: Apritif de bienvenue<\/li><li>12h30: Repas<\/li><li>Vols libres sous contr\u00f4le de la r\u00e9gie radio<\/li><li>19h30: Ap\u00e9ritif<\/li><li>19h30: Diner<\/li><li>Reprise des vols pour les plus courageux.\u200b<\/li><\/ul>\n\n\n\n<hr class=\"wp-block-separator\"\/>\n\n\n\n<h2>Le Dimanche:<\/h2>\n\n\n\n<ul><li>Des 8h30: Accueil et enregistrement des pilotes <\/li><li>Vols libres sous contr\u00f4le de la r\u00e9gie.<\/li><li>10h00 Briefing<\/li><li>12h15: Ap\u00e9ritif de bienvenue<\/li><li>12h30: Repas<\/li><li>Vols libres sous contr\u00f4le de la r\u00e9gie<\/li><\/ul>\n\n\n\n<hr class=\"wp-block-separator is-style-default\"\/>\n\n\n\n<p>Il est possible de camper sur place (places limit\u00e9es) <br>Buvette et petite cuisine les deux jours<br><br>A tr\u00e8s bient\u00f4t !<\/p>\n\n\n\n<h2>Formulaire d&#8217;inscription<\/h2>\n\n\n\n<div class=\"wp-block-contact-form-7-contact-form-selector\">[contact-form-7 404 \"Not Found\"]<\/div>\n","protected":false},"excerpt":{"rendered":"<p>Cette ann\u00e9e 2023. le club H\u00e9li-Divonne organise les 3 et 4 Juin sa traditionnelle rencontre internationale d&#8217;h\u00e9licopt\u00e8res R\/C Maquettes et vous invite sur son terrain habituel. Nous pouvons vous accueillir pour ceux qu\u2019ils le veulent \u00e0 partir du vendredi 2 juin, le terrain sera \u00e0 votre disposition pour des vols libres. Comme les ann\u00e9es pr\u00e9c\u00e9dentes, [&hellip;]<\/p>\n","protected":false},"author":1,"featured_media":0,"parent":0,"menu_order":0,"comment_status":"closed","ping_status":"closed","template":"","meta":[],"_links":{"self":[{"href":"https:\/\/heli-divonne.fr\/index.php\/wp-json\/wp\/v2\/pages\/611"}],"collection":[{"href":"https:\/\/heli-divonne.fr\/index.php\/wp-json\/wp\/v2\/pages"}],"about":[{"href":"https:\/\/heli-divonne.fr\/index.php\/wp-json\/wp\/v2\/types\/page"}],"author":[{"embeddable":true,"href":"https:\/\/heli-divonne.fr\/index.php\/wp-json\/wp\/v2\/users\/1"}],"replies":[{"embeddable":true,"href":"https:\/\/heli-divonne.fr\/index.php\/wp-json\/wp\/v2\/comments?post=611"}],"version-history":[{"count":14,"href":"https:\/\/heli-divonne.fr\/index.php\/wp-json\/wp\/v2\/pages\/611\/revisions"}],"predecessor-version":[{"id":716,"href":"https:\/\/heli-divonne.fr\/index.php\/wp-json\/wp\/v2\/pages\/611\/revisions\/716"}],"wp:attachment":[{"href":"https:\/\/heli-divonne.fr\/index.php\/wp-json\/wp\/v2\/media?parent=611"}],"curies":[{"name":"wp","href":"https:\/\/api.w.org\/{rel}","templated":true}]}}