{"id":58,"date":"2019-11-22T14:44:11","date_gmt":"2019-11-22T13:44:11","guid":{"rendered":"https:\/\/helidovonne.wordpress.com\/?page_id=58"},"modified":"2025-11-16T19:18:51","modified_gmt":"2025-11-16T18:18:51","slug":"tarifs-des-cotisations","status":"publish","type":"page","link":"https:\/\/heli-divonne.fr\/index.php\/tarifs-des-cotisations\/","title":{"rendered":"Tarif des cotisations"},"content":{"rendered":"\n<figure class=\"wp-block-table is-style-stripes\"><table><tbody><tr><td><strong>Cat\u00e9gories<\/strong><\/td><td class=\"has-text-align-right\" data-align=\"right\"><strong>Assurance FFAM<\/strong><\/td><td class=\"has-text-align-right\" data-align=\"right\"><strong>Part Club<\/strong><\/td><td class=\"has-text-align-right\" data-align=\"right\"><strong>Total<\/strong><\/td><\/tr><tr><td><strong><em>Cadet<\/em><\/strong><\/td><td class=\"has-text-align-right\" data-align=\"right\">10 \u20ac<\/td><td class=\"has-text-align-right\" data-align=\"right\">56  \u20ac<\/td><td class=\"has-text-align-right\" data-align=\"right\">66 \u20ac<\/td><\/tr><tr><td><strong><em>Junior<\/em><\/strong><\/td><td class=\"has-text-align-right\" data-align=\"right\">20 \u20ac<\/td><td class=\"has-text-align-right\" data-align=\"right\">58 \u20ac<\/td><td class=\"has-text-align-right\" data-align=\"right\">78 \u20ac<\/td><\/tr><tr><td><strong><em>Non pratiquant<\/em><\/strong><\/td><td class=\"has-text-align-right\" data-align=\"right\">15 \u20ac<\/td><td class=\"has-text-align-right\" data-align=\"right\">65 \u20ac<\/td><td class=\"has-text-align-right\" data-align=\"right\">80 \u20ac<\/td><\/tr><tr><td><strong><em>Adult<\/em><\/strong>e<\/td><td class=\"has-text-align-right\" data-align=\"right\">50 \u20ac<\/td><td class=\"has-text-align-right\" data-align=\"right\">130 \u20ac<\/td><td class=\"has-text-align-right\" data-align=\"right\">180 \u20ac<\/td><\/tr><\/tbody><\/table><\/figure>\n\n\n\n<div style=\"height:20px\" aria-hidden=\"true\" class=\"wp-block-spacer\"><\/div>\n\n\n\n<p>Droit d\u2019entr\u00e9e pour adulte seulement la deuxi\u00e8me ann\u00e9e apr\u00e8s acceptation : 130\u20ac<\/p>\n\n\n\n<p>Cadet (moins de 14 ans au 1er janvier de l\u2019ann\u00e9e civile)<br> Junior 1 (plus de 14 ans et moins de 16 ans au 1er janvier de l\u2019ann\u00e9e civile)<br> Junior 2 (plus de 16 ans et moins de 18 ans au 1er janvier de l\u2019ann\u00e9e civile)<br> Adulte (plus de 18 au 1er janvier de l\u2019ann\u00e9e civile)<br> Remarque : ces tarifs n&#8217;int\u00e8grent pas le montant d&#8217;abonnement \u00e0 la revue f\u00e9d\u00e9rale &#8220;A\u00e9romod\u00e8les&#8221; (10 \u20ac).<\/p>\n\n\n\n<p> <strong>Comment nous joindre :<\/strong><br> Un petit mail avec le <a href=\"https:\/\/helidovonne.wordpress.com\/nous-contacter\/\">formulaire de contact<\/a><\/p>\n","protected":false},"excerpt":{"rendered":"<p>Cat\u00e9gories Assurance FFAM Part Club Total Cadet 10 \u20ac 56 \u20ac 66 \u20ac Junior 20 \u20ac 58 \u20ac 78 \u20ac Non pratiquant 15 \u20ac 65 \u20ac 80 \u20ac Adulte 50 \u20ac 130 \u20ac 180 \u20ac Droit d\u2019entr\u00e9e pour adulte seulement la deuxi\u00e8me ann\u00e9e apr\u00e8s acceptation : 130\u20ac Cadet (moins de 14 ans au 1er janvier [&hellip;]<\/p>\n","protected":false},"author":1,"featured_media":0,"parent":0,"menu_order":0,"comment_status":"closed","ping_status":"closed","template":"","meta":[],"_links":{"self":[{"href":"https:\/\/heli-divonne.fr\/index.php\/wp-json\/wp\/v2\/pages\/58"}],"collection":[{"href":"https:\/\/heli-divonne.fr\/index.php\/wp-json\/wp\/v2\/pages"}],"about":[{"href":"https:\/\/heli-divonne.fr\/index.php\/wp-json\/wp\/v2\/types\/page"}],"author":[{"embeddable":true,"href":"https:\/\/heli-divonne.fr\/index.php\/wp-json\/wp\/v2\/users\/1"}],"replies":[{"embeddable":true,"href":"https:\/\/heli-divonne.fr\/index.php\/wp-json\/wp\/v2\/comments?post=58"}],"version-history":[{"count":10,"href":"https:\/\/heli-divonne.fr\/index.php\/wp-json\/wp\/v2\/pages\/58\/revisions"}],"predecessor-version":[{"id":1251,"href":"https:\/\/heli-divonne.fr\/index.php\/wp-json\/wp\/v2\/pages\/58\/revisions\/1251"}],"wp:attachment":[{"href":"https:\/\/heli-divonne.fr\/index.php\/wp-json\/wp\/v2\/media?parent=58"}],"curies":[{"name":"wp","href":"https:\/\/api.w.org\/{rel}","templated":true}]}}