{"id":46,"date":"2019-11-22T14:44:13","date_gmt":"2019-11-22T13:44:13","guid":{"rendered":"https:\/\/helidovonne.wordpress.com\/?page_id=46"},"modified":"2019-12-06T18:24:22","modified_gmt":"2019-12-06T17:24:22","slug":"le-club","status":"publish","type":"page","link":"https:\/\/heli-divonne.fr\/index.php\/le-club\/","title":{"rendered":"Le club"},"content":{"rendered":"\n<div style=\"height:64px\" aria-hidden=\"true\" class=\"wp-block-spacer desktop-only\"><\/div>\n\n\n\n<div style=\"height:32px\" aria-hidden=\"true\" class=\"wp-block-spacer desktop-only\"><\/div>\n\n\n\n<div class=\"is-layout-flex wp-container-3 wp-block-columns\">\n<div class=\"is-layout-flow wp-block-column\">\n<figure class=\"wp-block-image size-large\"><img decoding=\"async\" loading=\"lazy\" width=\"800\" height=\"600\" src=\"http:\/\/heli-divonne.fr\/wp-content\/uploads\/2019\/11\/la_piste.jpg\" alt=\"Piste F3C\" class=\"wp-image-276\" srcset=\"https:\/\/heli-divonne.fr\/wp-content\/uploads\/2019\/11\/la_piste.jpg 800w, https:\/\/heli-divonne.fr\/wp-content\/uploads\/2019\/11\/la_piste-300x225.jpg 300w, https:\/\/heli-divonne.fr\/wp-content\/uploads\/2019\/11\/la_piste-768x576.jpg 768w\" sizes=\"(max-width: 800px) 100vw, 800px\" \/><\/figure>\n<\/div>\n\n\n\n<div class=\"is-layout-flow wp-block-column\">\n<h4>La Piste<\/h4>\n\n\n\n<p>Nous disposons d&#8217;une zone goudronn\u00e9e avec un carr\u00e9 de 10m x10m pour l&#8217;entra\u00eenement au F3C, ainsi qu&#8217;une vaste zone en herbe de part et d&#8217;autre. La zone d&#8217;\u00e9volution est suffisamment vaste pour permettre l&#8217;\u00e9volution de plusieurs pilotes en m\u00eame temps, en toute s\u00e9curit\u00e9. <\/p>\n<\/div>\n<\/div>\n\n\n\n<div class=\"is-layout-flex wp-container-6 wp-block-columns\">\n<div class=\"is-layout-flow wp-block-column\">\n<h4> Le parc \u00e0 modeles <\/h4>\n\n\n\n<p>3 tables sont \u00e0 disposition des membres et des visiteurs, pour poser leurs machines.<\/p>\n<\/div>\n\n\n\n<div class=\"is-layout-flow wp-block-column\">\n<figure class=\"wp-block-image size-large\"><img decoding=\"async\" loading=\"lazy\" width=\"800\" height=\"600\" src=\"http:\/\/heli-divonne.fr\/wp-content\/uploads\/2019\/11\/le_parc_c3a0_modeles.jpg\" alt=\"Parc \u00e0 mod\u00e8les\" class=\"wp-image-277\" srcset=\"https:\/\/heli-divonne.fr\/wp-content\/uploads\/2019\/11\/le_parc_c3a0_modeles.jpg 800w, https:\/\/heli-divonne.fr\/wp-content\/uploads\/2019\/11\/le_parc_c3a0_modeles-300x225.jpg 300w, https:\/\/heli-divonne.fr\/wp-content\/uploads\/2019\/11\/le_parc_c3a0_modeles-768x576.jpg 768w\" sizes=\"(max-width: 800px) 100vw, 800px\" \/><\/figure>\n<\/div>\n<\/div>\n\n\n\n<div class=\"is-layout-flex wp-container-9 wp-block-columns\">\n<div class=\"is-layout-flow wp-block-column\"><\/div>\n\n\n\n<div class=\"is-layout-flow wp-block-column\">\n<h4> Le club-house <\/h4>\n\n\n\n<p>Accessible par tous les membres, notre club-house est chauff\u00e9, dispose de boissons fra\u00eeches et chaudes toute l\u2019ann\u00e9e. Une terrasse couverte ainsi que des grills nous permettent de faire des m\u00e9gas pique-nique en \u00e9t\u00e9. <\/p>\n<\/div>\n<\/div>\n\n\n\n<div class=\"is-layout-flex wp-container-12 wp-block-columns\">\n<div class=\"is-layout-flow wp-block-column\">\n<h4> Le terrain<\/h4>\n\n\n\n<p>Notre terrain est compl\u00e8tement clos et ferm\u00e9 \u00e0 clef par un portail, dont seuls les membres du club poss\u00e8dent la cl\u00e9.<\/p>\n<\/div>\n\n\n\n<div class=\"is-layout-flow wp-block-column\">\n<figure class=\"wp-block-image size-large\"><a href=\"https:\/\/www.google.ch\/maps\/place\/46\u00b020'11.3%22N+6\u00b007'53.0%22E\/@46.3364759,6.1308288,199m\/data=!3m2!1e3!4b1!4m5!3m4!1s0x0:0x0!8m2!3d46.336475!4d6.131376\" target=\"_blank\" rel=\"noreferrer noopener\"><img decoding=\"async\" loading=\"lazy\" width=\"385\" height=\"251\" src=\"http:\/\/heli-divonne.fr\/wp-content\/uploads\/2019\/11\/terrain.png\" alt=\"Terrain H\u00e9li-Divonne\" class=\"wp-image-279\" srcset=\"https:\/\/heli-divonne.fr\/wp-content\/uploads\/2019\/11\/terrain.png 385w, https:\/\/heli-divonne.fr\/wp-content\/uploads\/2019\/11\/terrain-300x196.png 300w\" sizes=\"(max-width: 385px) 100vw, 385px\" \/><\/a><\/figure>\n<\/div>\n<\/div>\n\n\n\n<hr class=\"wp-block-separator\"\/>\n\n\n\n<div style=\"height:32px\" aria-hidden=\"true\" class=\"wp-block-spacer desktop-only\"><\/div>\n","protected":false},"excerpt":{"rendered":"<p>La Piste Nous disposons d&#8217;une zone goudronn\u00e9e avec un carr\u00e9 de 10m x10m pour l&#8217;entra\u00eenement au F3C, ainsi qu&#8217;une vaste zone en herbe de part et d&#8217;autre. La zone d&#8217;\u00e9volution est suffisamment vaste pour permettre l&#8217;\u00e9volution de plusieurs pilotes en m\u00eame temps, en toute s\u00e9curit\u00e9. Le parc \u00e0 modeles 3 tables sont \u00e0 disposition des [&hellip;]<\/p>\n","protected":false},"author":1,"featured_media":0,"parent":0,"menu_order":0,"comment_status":"closed","ping_status":"closed","template":"","meta":[],"_links":{"self":[{"href":"https:\/\/heli-divonne.fr\/index.php\/wp-json\/wp\/v2\/pages\/46"}],"collection":[{"href":"https:\/\/heli-divonne.fr\/index.php\/wp-json\/wp\/v2\/pages"}],"about":[{"href":"https:\/\/heli-divonne.fr\/index.php\/wp-json\/wp\/v2\/types\/page"}],"author":[{"embeddable":true,"href":"https:\/\/heli-divonne.fr\/index.php\/wp-json\/wp\/v2\/users\/1"}],"replies":[{"embeddable":true,"href":"https:\/\/heli-divonne.fr\/index.php\/wp-json\/wp\/v2\/comments?post=46"}],"version-history":[{"count":4,"href":"https:\/\/heli-divonne.fr\/index.php\/wp-json\/wp\/v2\/pages\/46\/revisions"}],"predecessor-version":[{"id":407,"href":"https:\/\/heli-divonne.fr\/index.php\/wp-json\/wp\/v2\/pages\/46\/revisions\/407"}],"wp:attachment":[{"href":"https:\/\/heli-divonne.fr\/index.php\/wp-json\/wp\/v2\/media?parent=46"}],"curies":[{"name":"wp","href":"https:\/\/api.w.org\/{rel}","templated":true}]}}