{"id":39,"date":"2019-11-22T14:11:03","date_gmt":"2019-11-22T13:11:03","guid":{"rendered":"https:\/\/helidovonne.wordpress.com\/?page_id=39"},"modified":"2020-01-14T23:19:13","modified_gmt":"2020-01-14T22:19:13","slug":"nous-contacter","status":"publish","type":"page","link":"https:\/\/heli-divonne.fr\/index.php\/nous-contacter\/","title":{"rendered":"Contact"},"content":{"rendered":"\n<p class=\"has-text-align-left\">N&#8217;h\u00e9sitez pas \u00e0 nous contacter aux coordonn\u00e9es ci-dessous ou \u00e0 nous envoyer un message \u00e0 l&#8217;aide du formulaire.<\/p>\n\n\n\n<div style=\"height:32px\" aria-hidden=\"true\" class=\"wp-block-spacer desktop-only\"><\/div>\n\n\n\n<div class=\"is-layout-flex wp-container-3 wp-block-columns alignwide has-2-columns\">\n<div class=\"is-layout-flow wp-block-column\">\n<h2 class=\"has-text-align-left\">Notre adresse<\/h2>\n\n\n\n<div style=\"background: rgba(128, 128, 128, 0.1)\">\n<p style=\"margin:5px 00\" >Chemin de Longu\u00e8ve<\/p>\n<p style=\"margin:5px 0\" >Divonne-les-Bains<\/p>\n<p style=\"margin:5px 0\" >01220<\/p>\n<p style=\"margin:5px 0\" >France<\/p>\n<a href=\"mailto:contact@heli-divonne.fr\">contact@heli-divonne.fr<\/a>\n<\/div>\n<\/div>\n\n\n\n<div class=\"is-layout-flow wp-block-column\">\n<h2 class=\"has-text-align-left\">Envoyez-nous un message<\/h2>\n\n\n\n<div class=\"wpcf7 no-js\" id=\"wpcf7-f309-o1\" lang=\"en-US\" dir=\"ltr\">\n<div class=\"screen-reader-response\"><p role=\"status\" aria-live=\"polite\" aria-atomic=\"true\"><\/p> <ul><\/ul><\/div>\n<form action=\"\/index.php\/wp-json\/wp\/v2\/pages\/39#wpcf7-f309-o1\" method=\"post\" class=\"wpcf7-form init\" aria-label=\"Contact form\" novalidate=\"novalidate\" data-status=\"init\">\n<div style=\"display: none;\">\n<input type=\"hidden\" name=\"_wpcf7\" value=\"309\" \/>\n<input type=\"hidden\" name=\"_wpcf7_version\" value=\"5.7.2\" \/>\n<input type=\"hidden\" name=\"_wpcf7_locale\" value=\"en_US\" \/>\n<input type=\"hidden\" name=\"_wpcf7_unit_tag\" value=\"wpcf7-f309-o1\" \/>\n<input type=\"hidden\" name=\"_wpcf7_container_post\" value=\"0\" \/>\n<input type=\"hidden\" name=\"_wpcf7_posted_data_hash\" value=\"\" \/>\n<input type=\"hidden\" name=\"_wpcf7_recaptcha_response\" value=\"\" \/>\n<\/div>\n<p><label> Nom Pr\u00e9nom (required)<br \/>\n<span class=\"wpcf7-form-control-wrap\" data-name=\"nom\"><input size=\"40\" class=\"wpcf7-form-control wpcf7-text wpcf7-validates-as-required\" aria-required=\"true\" aria-invalid=\"false\" value=\"\" type=\"text\" name=\"nom\" \/><\/span> <\/label>\n<\/p>\n<p><label> Adresse de courriel (required)<br \/>\n<span class=\"wpcf7-form-control-wrap\" data-name=\"adressedecourriel\"><input size=\"40\" class=\"wpcf7-form-control wpcf7-text wpcf7-email wpcf7-validates-as-required wpcf7-validates-as-email\" aria-required=\"true\" aria-invalid=\"false\" value=\"\" type=\"email\" name=\"adressedecourriel\" \/><\/span> <\/label>\n<\/p>\n<p><label> Sujet<br \/>\n<span class=\"wpcf7-form-control-wrap\" data-name=\"sujet\"><input size=\"40\" class=\"wpcf7-form-control wpcf7-text wpcf7-validates-as-required\" aria-required=\"true\" aria-invalid=\"false\" value=\"\" type=\"text\" name=\"sujet\" \/><\/span> <\/label>\n<\/p>\n<p><label> Message<br \/>\n<span class=\"wpcf7-form-control-wrap\" data-name=\"message\"><textarea cols=\"40\" rows=\"10\" class=\"wpcf7-form-control wpcf7-textarea wpcf7-validates-as-required\" aria-required=\"true\" aria-invalid=\"false\" name=\"message\"><\/textarea><\/span> <\/label>\n<\/p>\n<p><input class=\"wpcf7-form-control has-spinner wpcf7-submit\" type=\"submit\" value=\"Envoyer\" \/>\n<\/p><p style=\"display: none !important;\" class=\"akismet-fields-container\" data-prefix=\"_wpcf7_ak_\"><label>&#916;<textarea name=\"_wpcf7_ak_hp_textarea\" cols=\"45\" rows=\"8\" maxlength=\"100\"><\/textarea><\/label><input type=\"hidden\" id=\"ak_js_1\" name=\"_wpcf7_ak_js\" value=\"2\"\/><script>\ndocument.getElementById( \"ak_js_1\" ).setAttribute( \"value\", ( new Date() ).getTime() );\n<\/script>\n<\/p><div class=\"wpcf7-response-output\" aria-hidden=\"true\"><\/div><\/form><\/div>\n<\/div>\n<\/div>\n\n\n\n<p><\/p>\n","protected":false},"excerpt":{"rendered":"<p>N&#8217;h\u00e9sitez pas \u00e0 nous contacter aux coordonn\u00e9es ci-dessous ou \u00e0 nous envoyer un message \u00e0 l&#8217;aide du formulaire. Notre adresse Chemin de Longu\u00e8ve Divonne-les-Bains 01220 France contact@heli-divonne.fr Envoyez-nous un message<\/p>\n","protected":false},"author":1,"featured_media":0,"parent":0,"menu_order":0,"comment_status":"closed","ping_status":"closed","template":"","meta":[],"_links":{"self":[{"href":"https:\/\/heli-divonne.fr\/index.php\/wp-json\/wp\/v2\/pages\/39"}],"collection":[{"href":"https:\/\/heli-divonne.fr\/index.php\/wp-json\/wp\/v2\/pages"}],"about":[{"href":"https:\/\/heli-divonne.fr\/index.php\/wp-json\/wp\/v2\/types\/page"}],"author":[{"embeddable":true,"href":"https:\/\/heli-divonne.fr\/index.php\/wp-json\/wp\/v2\/users\/1"}],"replies":[{"embeddable":true,"href":"https:\/\/heli-divonne.fr\/index.php\/wp-json\/wp\/v2\/comments?post=39"}],"version-history":[{"count":6,"href":"https:\/\/heli-divonne.fr\/index.php\/wp-json\/wp\/v2\/pages\/39\/revisions"}],"predecessor-version":[{"id":417,"href":"https:\/\/heli-divonne.fr\/index.php\/wp-json\/wp\/v2\/pages\/39\/revisions\/417"}],"wp:attachment":[{"href":"https:\/\/heli-divonne.fr\/index.php\/wp-json\/wp\/v2\/media?parent=39"}],"curies":[{"name":"wp","href":"https:\/\/api.w.org\/{rel}","templated":true}]}}