{"id":368,"date":"2019-12-02T17:21:32","date_gmt":"2019-12-02T16:21:32","guid":{"rendered":"http:\/\/heli-divonne.fr\/?page_id=368"},"modified":"2025-06-17T08:20:33","modified_gmt":"2025-06-17T06:20:33","slug":"galerie-de-photos","status":"publish","type":"page","link":"https:\/\/heli-divonne.fr\/index.php\/galerie-de-photos\/","title":{"rendered":"Galerie de photos"},"content":{"rendered":"\n<h3>2025<\/h3>\n\n\n\n<p>Avril 2025<br><a rel=\"noreferrer noopener\" href=\"https:\/\/photos.app.goo.gl\/dhFfqqxJpxdHaBaC8\" target=\"_blank\">Saint-Girod<\/a> par <strong>Christian Guihard <\/strong>\/ <strong>Maurice D\u00e9pigny<\/strong><\/p>\n\n\n\n<p>Mai 2025<br><a href=\"https:\/\/heli-divonne.fr\/index.php\/sympo-2025-2\">H\u00e9li-Divonne <\/a>par <strong>Jean<\/strong>&#8211;<strong>Paul Bergmans<\/strong><a href=\"https:\/\/photos.app.goo.gl\/UxEpZYaq2NYCo1Sf8\"><br>H\u00e9li-Divonne<\/a> par <strong>Christian Guihard<\/strong><\/p>\n\n\n\n<h3>2024<\/h3>\n\n\n\n<p>Mai 2024<br><a href=\"https:\/\/heli-divonne.fr\/index.php\/photos-sympo-2024\/\" target=\"_blank\" rel=\"noreferrer noopener\">H\u00e9li-Divonne<\/a> par <strong>Jean-Paul  Bergmans<\/strong><br><a href=\"https:\/\/photos.app.goo.gl\/kA2Buvi5PC1hPQGB6\" target=\"_blank\" rel=\"noreferrer noopener\">H\u00e9li-Divonne<\/a> par <strong>Christian Guihard<\/strong><\/p>\n\n\n\n<p>Juin 2024<br><a href=\"https:\/\/photos.app.goo.gl\/iTGFFXXc4JFkb6mcA\">Saint-Hugues de Chartreuse<\/a> par <strong>Christian Guihard<\/strong><br><a rel=\"noreferrer noopener\" href=\"https:\/\/youtu.be\/c-ZN9JdStO0?si=cZGPr-GzruEua9uV\" target=\"_blank\">Vizille<\/a> Vid\u00e9o<br><a rel=\"noreferrer noopener\" href=\"https:\/\/photos.app.goo.gl\/teBWpurvwKTdJEe19\" target=\"_blank\">Vizille<\/a> photos par <strong>Christian Guihard<\/strong><\/p>\n\n\n\n<p>Septembre 2024<br><a href=\"https:\/\/photos.google.com\/share\/AF1QipOg7y1Gp_riq5bdypQM_ZVAs-9Als52v3Ie2FA3nMMpC0PMW_7zNJLyXRyiFL2R0w?key=a05GUnRpSldnc1RKdmkwYnB2TFRkcHA4Q0VHYXRR\" target=\"_blank\" rel=\"noreferrer noopener\">Cuges-Les-Pins<\/a> par <strong>Christian Guihard<\/strong><\/p>\n\n\n\n<h3>2023<\/h3>\n\n\n\n<p>Mai 2023<br><a href=\"https:\/\/photos.app.goo.gl\/x9rQHN1pgw5dJKrW6\" target=\"_blank\" rel=\"noreferrer noopener\">Saint-Girod 2023<\/a> par <strong>Christian Guihard<\/strong><\/p>\n\n\n\n<p>Juin 2023<br><a rel=\"noreferrer noopener\" href=\"https:\/\/photos.app.goo.gl\/pSUrEH4yXTZ6E9Fh9\" target=\"_blank\">Divonne Les Bains<\/a> par <strong>Christian Guihard<\/strong><br><a rel=\"noreferrer noopener\" href=\"https:\/\/photos.app.goo.gl\/qNgScFunMMCXPsF58\" target=\"_blank\">Saint-Hugues de Chartreuse<\/a> par <strong>Christian Guihard<\/strong><br><a href=\"https:\/\/www.youtube.com\/watch?v=4vPb5pups3s\" target=\"_blank\" rel=\"noreferrer noopener\">Saint-Hugues de Chartreuse<\/a> &#8211; vid\u00e9o<br><a rel=\"noreferrer noopener\" href=\"https:\/\/photos.app.goo.gl\/1n2YbPDvf9e8zZgB9\" target=\"_blank\">Vizille<\/a> par <strong>Christian Guihard<\/strong><\/p>\n\n\n\n<p>Ao\u00fbt 2023<br><a rel=\"noreferrer noopener\" href=\"https:\/\/photos.app.goo.gl\/EZUcFWSQjQCMxFRP6\" target=\"_blank\">Francin<\/a> par <strong>Christian Guihard<\/strong><br><a rel=\"noreferrer noopener\" href=\"https:\/\/photos.app.goo.gl\/XZobn9NwDT4ZnTA39\" target=\"_blank\">Poli\u00e8nas<\/a> par <strong>Maurice Depigny<\/strong><\/p>\n\n\n\n<p>Septembre 2023<br><a rel=\"noreferrer noopener\" href=\"https:\/\/photos.app.goo.gl\/yey3tLyMUSgxV5dD8\" target=\"_blank\">Cuges-Les-Pins<\/a> par <strong>Christian Guihard<\/strong><br><a href=\"https:\/\/photos.app.goo.gl\/P8dr1AU4BL8qxibn6\" target=\"_blank\" rel=\"noreferrer noopener\">Excenevex<\/a> par <strong>Christian Guihard<\/strong><\/p>\n\n\n\n<h2>2022 <\/h2>\n\n\n\n<p>Mai 2022<br><a href=\"https:\/\/photos.app.goo.gl\/pfxgLGnzPxNMXFCZ8\" target=\"_blank\" rel=\"noreferrer noopener\">Heli Divonne Sympo 2022<\/a> par <strong>Rosello Marosello<\/strong><br><a rel=\"noreferrer noopener\" href=\"https:\/\/photos.app.goo.gl\/jniduHcpjV3VCnGH8\" target=\"_blank\">Sainte-Marie d&#8217;Alloix<\/a> par <strong>Christian Guihard<\/strong><\/p>\n\n\n\n<h2>2021<\/h2>\n\n\n\n<p><strong>Septembre 2021<\/strong><br><a href=\"https:\/\/photos.app.goo.gl\/kX2cbu5JWjtPMAUp7\" target=\"_blank\" rel=\"noreferrer noopener\">Cuges-Les-Pins 2021<\/a> par <strong>Christian Guihard<\/strong><\/p>\n\n\n\n<h3>2019<\/h3>\n\n\n\n<p><strong><span style=\"text-decoration: underline;\">Juin 2019<\/span><\/strong><br><a href=\"https:\/\/photos.app.goo.gl\/29CuaJ7zMT4bXEDy5\" target=\"_blank\" rel=\"noreferrer noopener\">Carces 2019<\/a> par <strong>Christian Guihard<\/strong><br><a href=\"https:\/\/photos.app.goo.gl\/nSjzUtpUNeuS9Q9n8\" target=\"_blank\" rel=\"noreferrer noopener\">St Hugues en Charteuse 2019<\/a> par <strong>Christian Guihard<\/strong>  <br><br><span style=\"text-decoration: underline;\"><strong>Juillet 2019<\/strong><\/span><br><a href=\"https:\/\/photos.app.goo.gl\/h3brGTiN9AMY6ktJ7\" target=\"_blank\" rel=\"noreferrer noopener\">Fran\u00e7in 2019<\/a> par <strong>Christian Guihard<\/strong> <br><a href=\"https:\/\/photos.app.goo.gl\/KGUKvkbNUrQqC6EG8\" target=\"_blank\" rel=\"noreferrer noopener\">Vizille 2019<\/a> par <strong>Christian Guihard<\/strong> <br><a href=\"https:\/\/photos.app.goo.gl\/VseUrXafkNiYFNnXA\" target=\"_blank\" rel=\"noreferrer noopener\">Cuges les Pins 2019<\/a> par <strong>Christian Guihard<\/strong> <br><br><strong><span style=\"text-decoration: underline;\">Ao\u00fbt 2019<\/span><\/strong><br><a href=\"https:\/\/photos.app.goo.gl\/jqKs4KYFiyjGqdYn6\">Polienas 2019<\/a> par <strong>Christian Guihard<\/strong> <br><br><strong>Septembre 2019<\/strong><br><a href=\"https:\/\/photos.app.goo.gl\/qpZpUgAoh9S6h7RE9\" target=\"_blank\" rel=\"noreferrer noopener\">Coupes des Barrons 2019<\/a> par <strong>Christian Guihard<\/strong> <br><a href=\"https:\/\/photos.app.goo.gl\/BnhWPYCTV8zSMFfQ9\" target=\"_blank\" rel=\"noreferrer noopener\">Excenevex Leman 2019<\/a> par <strong>Christian Guihard<\/strong> <\/p>\n","protected":false},"excerpt":{"rendered":"<p>2025 Avril 2025Saint-Girod par Christian Guihard \/ Maurice D\u00e9pigny Mai 2025H\u00e9li-Divonne par Jean&#8211;Paul BergmansH\u00e9li-Divonne par Christian Guihard 2024 Mai 2024H\u00e9li-Divonne par Jean-Paul BergmansH\u00e9li-Divonne par Christian Guihard Juin 2024Saint-Hugues de Chartreuse par Christian GuihardVizille Vid\u00e9oVizille photos par Christian Guihard Septembre 2024Cuges-Les-Pins par Christian Guihard 2023 Mai 2023Saint-Girod 2023 par Christian Guihard Juin 2023Divonne Les Bains par [&hellip;]<\/p>\n","protected":false},"author":1,"featured_media":0,"parent":0,"menu_order":0,"comment_status":"closed","ping_status":"closed","template":"","meta":[],"_links":{"self":[{"href":"https:\/\/heli-divonne.fr\/index.php\/wp-json\/wp\/v2\/pages\/368"}],"collection":[{"href":"https:\/\/heli-divonne.fr\/index.php\/wp-json\/wp\/v2\/pages"}],"about":[{"href":"https:\/\/heli-divonne.fr\/index.php\/wp-json\/wp\/v2\/types\/page"}],"author":[{"embeddable":true,"href":"https:\/\/heli-divonne.fr\/index.php\/wp-json\/wp\/v2\/users\/1"}],"replies":[{"embeddable":true,"href":"https:\/\/heli-divonne.fr\/index.php\/wp-json\/wp\/v2\/comments?post=368"}],"version-history":[{"count":36,"href":"https:\/\/heli-divonne.fr\/index.php\/wp-json\/wp\/v2\/pages\/368\/revisions"}],"predecessor-version":[{"id":1245,"href":"https:\/\/heli-divonne.fr\/index.php\/wp-json\/wp\/v2\/pages\/368\/revisions\/1245"}],"wp:attachment":[{"href":"https:\/\/heli-divonne.fr\/index.php\/wp-json\/wp\/v2\/media?parent=368"}],"curies":[{"name":"wp","href":"https:\/\/api.w.org\/{rel}","templated":true}]}}