{"id":273,"date":"2019-11-25T14:56:01","date_gmt":"2019-11-25T13:56:01","guid":{"rendered":"https:\/\/helidovonne.wordpress.com\/?page_id=273"},"modified":"2021-01-03T14:25:21","modified_gmt":"2021-01-03T13:25:21","slug":"calandrier","status":"publish","type":"page","link":"https:\/\/heli-divonne.fr\/index.php\/calandrier\/","title":{"rendered":"Calendrier 2020"},"content":{"rendered":"\n<p>Veuillez nous informer des \u00e9v\u00e9nements de votre club et nous nous ferons un plaisir de les ajouter \u00e0 notre liste, <code><a href=\"http:\/\/heli-divonne.fr\/index.php\/nous-contacter\/\">contactez-nous<\/a><\/code>.<\/p>\n\n\n<p><style type=\"text\/css\">\n.tg  {border-collapse:collapse;border-spacing:0;border-color:#93a1a1;margin:0px auto;}<br \/>\n.tg td{font-family:Arial, sans-serif;font-size:14px;padding:10px 5px;border-style:solid;border-width:0px;overflow:hidden;word-break:normal;border-top-width:1px;border-bottom-width:1px;border-color:#93a1a1;color:#002b36;background-color:#fdf6e3;}<br \/>\n.tg th{font-family:Arial, sans-serif;font-size:14px;font-weight:normal;padding:10px 5px;border-style:solid;border-width:0px;overflow:hidden;word-break:normal;border-top-width:1px;border-bottom-width:1px;border-color:#93a1a1;color:#fdf6e3;background-color:#657b83;}<br \/>\n.tg .tg-1wig{font-weight:bold;text-align:left;vertical-align:top}<br \/>\n.tg .tg-alz1{background-color:#eee8d5;text-align:left;vertical-align:top}<br \/>\n.tg .tg-0lax{text-align:left;vertical-align:top}<br \/>\n.tg .tg-m4ky{background-color:#eee8d5;font-style:italic;text-align:left;vertical-align:top}<br \/>\n@media screen and (max-width: 767px) {.tg {width: auto !important;}.tg col {width: auto !important;}.tg-wrap {overflow-x: auto;-webkit-overflow-scrolling: touch;margin: auto 0px;}}@media screen and (max-width: 767px) {.tg {width: auto !important;}.tg col {width: auto !important;}.tg-wrap {overflow-x: auto;-webkit-overflow-scrolling: touch;margin: auto 0px;}}<\/style>\n<\/p>\n<div class=\"tg-wrap\">\n<table class=\"tg\" style=\"height: 1258px;\" width=\"579\">\n<tbody>\n<tr>\n<th class=\"tg-1wig\">&nbsp;<\/th>\n<th class=\"tg-0lax\">Dates<\/th>\n<th class=\"tg-0lax\">Lieux<\/th>\n<th class=\"tg-0lax\">Activit\u00e9s<\/th>\n<\/tr>\n<tr>\n<td class=\"tg-1wig\">Avril<\/td>\n<td class=\"tg-m4ky\">26<\/td>\n<td class=\"tg-0lax\">Ste Marie d&#8217;Alloix<\/td>\n<td class=\"tg-alz1\" style=\"text-align: left;\"><a href=\"https:\/\/saffiotipatrick.wixsite.com\/vl38\/\" target=\"_blank\" rel=\"noopener noreferrer\">Symposium h\u00e9lico<\/a><br>T\u00e9l 06 01 74 73 97&nbsp;<br><a href=\"mailto:b.genoulaz@gmail.com\">b.genoulaz@gmail.com<\/a><\/td>\n<\/tr>\n<tr>\n<td class=\"tg-1wig\">Mai<\/td>\n<td class=\"tg-m4ky\">2\/3<\/td>\n<td class=\"tg-0lax\">&nbsp;<\/td>\n<td class=\"tg-alz1\">&nbsp;<\/td>\n<\/tr>\n<tr>\n<td class=\"tg-1wig\">&nbsp;<\/td>\n<td class=\"tg-m4ky\">9\/10<\/td>\n<td class=\"tg-0lax\">&nbsp;<\/td>\n<td class=\"tg-alz1\">&nbsp;<\/td>\n<\/tr>\n<tr>\n<td class=\"tg-1wig\">&nbsp;<\/td>\n<td class=\"tg-m4ky\">16\/17<\/td>\n<td class=\"tg-0lax\">&nbsp;<\/td>\n<td class=\"tg-alz1\">&nbsp;<\/td>\n<\/tr>\n<tr>\n<td class=\"tg-1wig\">&nbsp;<\/td>\n<td class=\"tg-m4ky\">23\/24<\/td>\n<td class=\"tg-0lax\">Divonne-Les-Bains<\/td>\n<td class=\"tg-alz1\"><a href=\"http:\/\/heli-divonne.fr\/index.php\/symposium\/\">Symposium Annul\u00e9<\/a><\/td>\n<\/tr>\n<tr>\n<td class=\"tg-1wig\">&nbsp;<\/td>\n<td class=\"tg-m4ky\">30\/31<\/td>\n<td class=\"tg-0lax\">&nbsp;<\/td>\n<td class=\"tg-alz1\">&nbsp;<\/td>\n<\/tr>\n<tr>\n<td class=\"tg-1wig\">Juin<\/td>\n<td class=\"tg-m4ky\">6\/7<\/td>\n<td class=\"tg-0lax\">&nbsp;<\/td>\n<td class=\"tg-alz1\">&nbsp;<\/td>\n<\/tr>\n<tr>\n<td class=\"tg-1wig\">&nbsp;<\/td>\n<td class=\"tg-m4ky\">13\/14<\/td>\n<td class=\"tg-0lax\">&nbsp;<\/td>\n<td class=\"tg-alz1\">&nbsp;<\/td>\n<\/tr>\n<tr>\n<td class=\"tg-1wig\">&nbsp;<\/td>\n<td class=\"tg-m4ky\">20\/21<\/td>\n<td class=\"tg-0lax\">&nbsp;<\/td>\n<td class=\"tg-alz1\">&nbsp;<\/td>\n<\/tr>\n<tr>\n<td class=\"tg-1wig\">&nbsp;<\/td>\n<td class=\"tg-m4ky\">27\/28<\/td>\n<td class=\"tg-0lax\">&nbsp;<\/td>\n<td class=\"tg-alz1\">&nbsp;<\/td>\n<\/tr>\n<tr>\n<td class=\"tg-1wig\">Juillet<\/td>\n<td class=\"tg-m4ky\">4\/5<\/td>\n<td class=\"tg-0lax\">Vizille<\/td>\n<td class=\"tg-alz1\"><a href=\"http:\/\/club.quomodo.com\/sam\" target=\"_blank\" rel=\"noopener noreferrer\">Sympo annul\u00e9<\/a><\/td>\n<\/tr>\n<tr>\n<td class=\"tg-1wig\">&nbsp;<\/td>\n<td class=\"tg-m4ky\">11\/12<\/td>\n<td class=\"tg-0lax\">&nbsp;<\/td>\n<td class=\"tg-alz1\">&nbsp;<\/td>\n<\/tr>\n<tr>\n<td class=\"tg-1wig\">&nbsp;<\/td>\n<td class=\"tg-m4ky\">18\/19<\/td>\n<td class=\"tg-0lax\">&nbsp;<\/td>\n<td class=\"tg-alz1\">&nbsp;<\/td>\n<\/tr>\n<tr>\n<td class=\"tg-1wig\">&nbsp;<\/td>\n<td class=\"tg-m4ky\">25\/26<\/td>\n<td class=\"tg-0lax\">&nbsp;<\/td>\n<td class=\"tg-alz1\">&nbsp;<\/td>\n<\/tr>\n<tr>\n<td class=\"tg-1wig\">Ao\u00fbt<\/td>\n<td class=\"tg-m4ky\">1\/2<\/td>\n<td class=\"tg-0lax\">&nbsp;<\/td>\n<td class=\"tg-alz1\">&nbsp;<\/td>\n<\/tr>\n<tr>\n<td class=\"tg-1wig\">&nbsp;<\/td>\n<td class=\"tg-m4ky\">8\/9<\/td>\n<td class=\"tg-0lax\">&nbsp;<\/td>\n<td class=\"tg-alz1\">&nbsp;<\/td>\n<\/tr>\n<tr>\n<td class=\"tg-1wig\">&nbsp;<\/td>\n<td class=\"tg-m4ky\">15\/16<\/td>\n<td class=\"tg-0lax\">&nbsp;<\/td>\n<td class=\"tg-alz1\">&nbsp;<\/td>\n<\/tr>\n<tr>\n<td class=\"tg-1wig\">&nbsp;<\/td>\n<td class=\"tg-m4ky\">22\/23<\/td>\n<td class=\"tg-0lax\">Francin (73800)<\/td>\n<td class=\"tg-alz1\"><a href=\"https:\/\/rotorclubalpin.clubeo.com\" target=\"_blank\" rel=\"noopener noreferrer\">Sympo annul\u00e9<\/a><\/td>\n<\/tr>\n<tr>\n<td class=\"tg-1wig\">&nbsp;<\/td>\n<td class=\"tg-m4ky\">29\/30<\/td>\n<td class=\"tg-0lax\">Poli\u00e9nas<\/td>\n<td class=\"tg-alz1\"><a href=\"http:\/\/www.vercorsmodelesclub.fr\/\" target=\"_blank\" rel=\"noopener noreferrer\">Sympo annul\u00e9<\/a><\/td>\n<\/tr>\n<tr>\n<td class=\"tg-1wig\">Septembre<\/td>\n<td class=\"tg-m4ky\">5\/6<\/td>\n<td class=\"tg-0lax\">&nbsp;<\/td>\n<td class=\"tg-alz1\">&nbsp;<\/td>\n<\/tr>\n<tr>\n<td class=\"tg-1wig\">&nbsp;<\/td>\n<td class=\"tg-m4ky\">12\/13<\/td>\n<td class=\"tg-0lax\">&nbsp;<\/td>\n<td class=\"tg-alz1\">&nbsp;<\/td>\n<\/tr>\n<tr>\n<td class=\"tg-1wig\">&nbsp;<\/td>\n<td class=\"tg-m4ky\">18\/19\/20<\/td>\n<td class=\"tg-0lax\"><span style=\"display: inline !important; float: none; background-color: #f5efe0; color: #191e23; cursor: text; font-family: 'Inter var',-apple-system,BlinkMacSystemFont,'Helvetica Neue',Helvetica,sans-serif; font-size: 21px; font-style: normal; font-variant: normal; font-weight: 400; letter-spacing: -0.16px; orphans: 2; text-align: left; text-decoration: none; text-indent: 0px; text-transform: none; -webkit-text-stroke-width: 0px; white-space: normal; word-spacing: 0px;\">Excevenex<\/span><\/td>\n<td class=\"tg-alz1\"><a href=\"http:\/\/aeromodelisme-messery.org\/\" target=\"_blank\" rel=\"noopener noreferrer\">Symposium du L\u00e9man<\/a><\/td>\n<\/tr>\n<tr>\n<td class=\"tg-1wig\">&nbsp;<\/td>\n<td class=\"tg-m4ky\">26\/27<\/td>\n<td class=\"tg-0lax\">&nbsp;<\/td>\n<td class=\"tg-alz1\">&nbsp;<\/td>\n<\/tr>\n<tr>\n<td class=\"tg-1wig\">Octobre<\/td>\n<td class=\"tg-m4ky\">3\/4<\/td>\n<td class=\"tg-0lax\">&nbsp;<\/td>\n<td class=\"tg-alz1\">&nbsp;<\/td>\n<\/tr>\n<tr>\n<td class=\"tg-1wig\">&nbsp;<\/td>\n<td class=\"tg-m4ky\">10\/11<\/td>\n<td class=\"tg-0lax\">&nbsp;<\/td>\n<td class=\"tg-alz1\">&nbsp;<\/td>\n<\/tr>\n<tr>\n<td class=\"tg-1wig\">&nbsp;<\/td>\n<td class=\"tg-m4ky\">17\/18<\/td>\n<td class=\"tg-0lax\">&nbsp;<\/td>\n<td class=\"tg-alz1\">&nbsp;<\/td>\n<\/tr>\n<tr>\n<td class=\"tg-1wig\">&nbsp;<\/td>\n<td class=\"tg-m4ky\">24\/25<\/td>\n<td class=\"tg-0lax\">&nbsp;<\/td>\n<td class=\"tg-alz1\">&nbsp;<\/td>\n<\/tr>\n<\/tbody>\n<\/table>\n<\/div>\n\n\n<p><\/p>\n","protected":false},"excerpt":{"rendered":"<p>Veuillez nous informer des \u00e9v\u00e9nements de votre club et nous nous ferons un plaisir de les ajouter \u00e0 notre liste, contactez-nous. &nbsp; Dates Lieux Activit\u00e9s Avril 26 Ste Marie d&#8217;Alloix Symposium h\u00e9licoT\u00e9l 06 01 74 73 97&nbsp;b.genoulaz@gmail.com Mai 2\/3 &nbsp; &nbsp; &nbsp; 9\/10 &nbsp; &nbsp; &nbsp; 16\/17 &nbsp; &nbsp; &nbsp; 23\/24 Divonne-Les-Bains Symposium Annul\u00e9 &nbsp; [&hellip;]<\/p>\n","protected":false},"author":1,"featured_media":0,"parent":0,"menu_order":0,"comment_status":"closed","ping_status":"closed","template":"","meta":[],"_links":{"self":[{"href":"https:\/\/heli-divonne.fr\/index.php\/wp-json\/wp\/v2\/pages\/273"}],"collection":[{"href":"https:\/\/heli-divonne.fr\/index.php\/wp-json\/wp\/v2\/pages"}],"about":[{"href":"https:\/\/heli-divonne.fr\/index.php\/wp-json\/wp\/v2\/types\/page"}],"author":[{"embeddable":true,"href":"https:\/\/heli-divonne.fr\/index.php\/wp-json\/wp\/v2\/users\/1"}],"replies":[{"embeddable":true,"href":"https:\/\/heli-divonne.fr\/index.php\/wp-json\/wp\/v2\/comments?post=273"}],"version-history":[{"count":30,"href":"https:\/\/heli-divonne.fr\/index.php\/wp-json\/wp\/v2\/pages\/273\/revisions"}],"predecessor-version":[{"id":487,"href":"https:\/\/heli-divonne.fr\/index.php\/wp-json\/wp\/v2\/pages\/273\/revisions\/487"}],"wp:attachment":[{"href":"https:\/\/heli-divonne.fr\/index.php\/wp-json\/wp\/v2\/media?parent=273"}],"curies":[{"name":"wp","href":"https:\/\/api.w.org\/{rel}","templated":true}]}}