{"id":249,"date":"2019-11-25T14:27:14","date_gmt":"2019-11-25T13:27:14","guid":{"rendered":"https:\/\/helidovonne.wordpress.com\/?page_id=249"},"modified":"2019-12-03T14:35:52","modified_gmt":"2019-12-03T13:35:52","slug":"historique","status":"publish","type":"page","link":"https:\/\/heli-divonne.fr\/index.php\/historique\/","title":{"rendered":"Historique"},"content":{"rendered":"\n<h3>Juin 1989 :<\/h3>\n\n\n\n<p>Cr\u00e9ation du club avec 4 pilotes h\u00e9licos sortant du Club Mod\u00e9liste du Pays de Gex \u00e0 St Genis Pouilly. (Jean-Pierre Michel, Oswald Gantenbein, Roland Larderaz, Michel Vaquero)<\/p>\n\n\n\n<p>Mise \u00e0 disposition par la mairie de Divonne d\u2019un terrain communal pr\u00e8s du coll\u00e8ge.<\/p>\n\n\n\n<h3>6 juillet 1989 :<\/h3>\n\n\n\n<p>D\u00e9claration de l\u2019association H\u00e9li-Divonne en Sous-Pr\u00e9fecture de Gex.<\/p>\n\n\n\n<h3>26 juillet 1989 :<\/h3>\n\n\n\n<p>Inscription au Journal officiel.<\/p>\n\n\n\n<h3>3 novembre 1989 :<\/h3>\n\n\n\n<p>Affiliation \u00e0 la f\u00e9d\u00e9ration Fran\u00e7aise d\u2019a\u00e9romod\u00e9lisme.<\/p>\n\n\n\n<h3>29 novembre 1989 :<\/h3>\n\n\n\n<p>Premi\u00e8re assembl\u00e9e g\u00e9n\u00e9rale du Club (11 membres).<\/p>\n\n\n\n<h3>21 avril 1991 :<\/h3>\n\n\n\n<p>1er Symposium d\u2019h\u00e9licopt\u00e9res (environ 12 pilotes)<\/p>\n\n\n\n<h3>Ao\u00fbt 1991 :<\/h3>\n\n\n\n<p>Incendie de notre mobilhome.<\/p>\n\n\n\n<h3>Juin 1992 :<\/h3>\n\n\n\n<p>Achat et mise en place d\u2019un nouveau mobilhome.<\/p>\n\n\n\n<h3>Octobre 1993<\/h3>\n\n\n\n<p>Mise \u00e0 disposition d&#8217;un nouveau terrain suite \u00e0 la perte du premier<\/p>\n\n\n\n<h3>Avril 1994 :<\/h3>\n\n\n\n<p>Fin d\u2019am\u00e9nagement et engazonnement du nouveau terrain (actuel).<\/p>\n\n\n\n<h3>3 juillet 1994 :<\/h3>\n\n\n\n<p>Inauguration officielle du terrain avec les \u00e9lus et les membres du club<\/p>\n","protected":false},"excerpt":{"rendered":"<p>Juin 1989 : Cr\u00e9ation du club avec 4 pilotes h\u00e9licos sortant du Club Mod\u00e9liste du Pays de Gex \u00e0 St Genis Pouilly. (Jean-Pierre Michel, Oswald Gantenbein, Roland Larderaz, Michel Vaquero) Mise \u00e0 disposition par la mairie de Divonne d\u2019un terrain communal pr\u00e8s du coll\u00e8ge. 6 juillet 1989 : D\u00e9claration de l\u2019association H\u00e9li-Divonne en Sous-Pr\u00e9fecture de [&hellip;]<\/p>\n","protected":false},"author":1,"featured_media":0,"parent":0,"menu_order":0,"comment_status":"closed","ping_status":"closed","template":"","meta":[],"_links":{"self":[{"href":"https:\/\/heli-divonne.fr\/index.php\/wp-json\/wp\/v2\/pages\/249"}],"collection":[{"href":"https:\/\/heli-divonne.fr\/index.php\/wp-json\/wp\/v2\/pages"}],"about":[{"href":"https:\/\/heli-divonne.fr\/index.php\/wp-json\/wp\/v2\/types\/page"}],"author":[{"embeddable":true,"href":"https:\/\/heli-divonne.fr\/index.php\/wp-json\/wp\/v2\/users\/1"}],"replies":[{"embeddable":true,"href":"https:\/\/heli-divonne.fr\/index.php\/wp-json\/wp\/v2\/comments?post=249"}],"version-history":[{"count":1,"href":"https:\/\/heli-divonne.fr\/index.php\/wp-json\/wp\/v2\/pages\/249\/revisions"}],"predecessor-version":[{"id":393,"href":"https:\/\/heli-divonne.fr\/index.php\/wp-json\/wp\/v2\/pages\/249\/revisions\/393"}],"wp:attachment":[{"href":"https:\/\/heli-divonne.fr\/index.php\/wp-json\/wp\/v2\/media?parent=249"}],"curies":[{"name":"wp","href":"https:\/\/api.w.org\/{rel}","templated":true}]}}