{"id":192,"date":"2019-11-25T11:26:14","date_gmt":"2019-11-25T10:26:14","guid":{"rendered":"https:\/\/helidovonne.wordpress.com\/?page_id=192"},"modified":"2023-01-18T21:45:31","modified_gmt":"2023-01-18T20:45:31","slug":"anmeldung-symposium","status":"publish","type":"page","link":"https:\/\/heli-divonne.fr\/index.php\/anmeldung-symposium\/","title":{"rendered":"Anmeldung Symposium 2023"},"content":{"rendered":"\n<p>Um unser Model Meeting besser zu organisieren, f\u00fcllen Sie bitte dieses Anmeldeformular aus, und Sie sparen Zeit bei Ihrer Ankunft. <\/p>\n\n\n\n<p>Best\u00e4tigen Sie bei der Ankunft Ihre Anwesenheit im Flugkontrollraum.<\/p>\n\n\n\n<div class=\"is-layout-flow wp-block-group\"><div class=\"wp-block-group__inner-container\">\n[contact-form-7 404 \"Not Found\"]\n<\/div><\/div>\n\n\n\n<h2>Datenschutzhinweis<\/h2>\n\n\n\n<p>Der Verein Heli Divonne sammelt die Informationen, die f\u00fcr die Durchf\u00fchrung des Symposiums und die Kommunikation mit unseren G\u00e4sten notwendig sind. <br><br>Alle personenbezogenen Daten werden innerhalb von 2 Monaten nach Ende der Veranstaltung gel\u00f6scht.<br><br>Ihre personenbezogenen Daten werden nicht an Dritte au\u00dferhalb des Verbandes weitergegeben.<br><br>Ihre personenbezogenen Daten werden nur f\u00fcr andere Zwecke als die im Zusammenhang mit dem Symposium verwendet.<br><br>Wenn Sie mit der oben beschriebenen Verwendung Ihrer personenbezogenen Daten nicht einverstanden sind und dennoch am Symposium teilnehmen m\u00f6chten, verwenden Sie bitte das Kontaktformular auf der Website und ein Mitglied des Ausschusses wird sich mit Ihnen in Verbindung setzen.<br><br>Wenn Sie Fragen zur Verwendung Ihrer personenbezogenen Daten haben, nutzen Sie bitte das Kontaktformular auf der Website.<\/p>\n","protected":false},"excerpt":{"rendered":"<p>Um unser Model Meeting besser zu organisieren, f\u00fcllen Sie bitte dieses Anmeldeformular aus, und Sie sparen Zeit bei Ihrer Ankunft. Best\u00e4tigen Sie bei der Ankunft Ihre Anwesenheit im Flugkontrollraum. Datenschutzhinweis Der Verein Heli Divonne sammelt die Informationen, die f\u00fcr die Durchf\u00fchrung des Symposiums und die Kommunikation mit unseren G\u00e4sten notwendig sind. Alle personenbezogenen Daten werden [&hellip;]<\/p>\n","protected":false},"author":1,"featured_media":0,"parent":0,"menu_order":0,"comment_status":"closed","ping_status":"closed","template":"","meta":[],"_links":{"self":[{"href":"https:\/\/heli-divonne.fr\/index.php\/wp-json\/wp\/v2\/pages\/192"}],"collection":[{"href":"https:\/\/heli-divonne.fr\/index.php\/wp-json\/wp\/v2\/pages"}],"about":[{"href":"https:\/\/heli-divonne.fr\/index.php\/wp-json\/wp\/v2\/types\/page"}],"author":[{"embeddable":true,"href":"https:\/\/heli-divonne.fr\/index.php\/wp-json\/wp\/v2\/users\/1"}],"replies":[{"embeddable":true,"href":"https:\/\/heli-divonne.fr\/index.php\/wp-json\/wp\/v2\/comments?post=192"}],"version-history":[{"count":10,"href":"https:\/\/heli-divonne.fr\/index.php\/wp-json\/wp\/v2\/pages\/192\/revisions"}],"predecessor-version":[{"id":657,"href":"https:\/\/heli-divonne.fr\/index.php\/wp-json\/wp\/v2\/pages\/192\/revisions\/657"}],"wp:attachment":[{"href":"https:\/\/heli-divonne.fr\/index.php\/wp-json\/wp\/v2\/media?parent=192"}],"curies":[{"name":"wp","href":"https:\/\/api.w.org\/{rel}","templated":true}]}}