{"id":123,"date":"2019-11-22T20:46:27","date_gmt":"2019-11-22T19:46:27","guid":{"rendered":"https:\/\/helidovonne.wordpress.com\/?page_id=123"},"modified":"2023-01-18T21:19:26","modified_gmt":"2023-01-18T20:19:26","slug":"inscription-symposium","status":"publish","type":"page","link":"https:\/\/heli-divonne.fr\/index.php\/inscription-symposium\/","title":{"rendered":"Inscription au sympo 2023"},"content":{"rendered":"\n<p><\/p>\n\n\n\n<p> Afin d&#8217;organiser au mieux notre rencontre Maquettes, merci de remplir ce formulaire d&#8217;inscription, de plus vous gagnerez du temps lors de votre arriv\u00e9e.<br><br>D\u00e8s votre arriv\u00e9e, confirmez votre pr\u00e9sence \u00e0 la r\u00e9gie de vol.<\/p>\n\n\n\n<div class=\"is-layout-flow wp-block-group\"><div class=\"wp-block-group__inner-container\">\n[contact-form-7 404 \"Not Found\"]\n<\/div><\/div>\n\n\n\n<h2>Avis de confidentialit\u00e9<\/h2>\n\n\n\n<p class=\"has-text-align-left\">L&#8217;association Heli Divonne recueille les informations n\u00e9cessaires \u00e0 la gestion du symposium et \u00e0 la communication avec nos invit\u00e9s. <br><br>Tous les renseignements personnels seront supprim\u00e9s dans les 2 mois suivant la fin de l&#8217;\u00e9v\u00e9nement.<br><br>Vos donn\u00e9es personnelles ne seront partag\u00e9es avec personne en dehors de l&#8217;association.<br><br>Vos donn\u00e9es personnelles ne seront utilis\u00e9es qu&#8217;\u00e0 des fins autres que celles li\u00e9es au symposium.<br><br>Si vous n&#8217;\u00eates pas d&#8217;accord avec l&#8217;utilisation de vos donn\u00e9es personnelles telle que d\u00e9crite ci-dessus et que vous souhaitez toujours participer au Symposium, veuillez utiliser le formulaire de contact sur le site et un membre du comit\u00e9 prendra contact avec vous.<br><br>Si vous avez des questions concernant l&#8217;utilisation de vos donn\u00e9es personnelles, veuillez utiliser le formulaire de contact sur le site. <\/p>\n","protected":false},"excerpt":{"rendered":"<p>Afin d&#8217;organiser au mieux notre rencontre Maquettes, merci de remplir ce formulaire d&#8217;inscription, de plus vous gagnerez du temps lors de votre arriv\u00e9e. D\u00e8s votre arriv\u00e9e, confirmez votre pr\u00e9sence \u00e0 la r\u00e9gie de vol. Avis de confidentialit\u00e9 L&#8217;association Heli Divonne recueille les informations n\u00e9cessaires \u00e0 la gestion du symposium et \u00e0 la communication avec nos [&hellip;]<\/p>\n","protected":false},"author":1,"featured_media":0,"parent":0,"menu_order":0,"comment_status":"closed","ping_status":"closed","template":"","meta":[],"_links":{"self":[{"href":"https:\/\/heli-divonne.fr\/index.php\/wp-json\/wp\/v2\/pages\/123"}],"collection":[{"href":"https:\/\/heli-divonne.fr\/index.php\/wp-json\/wp\/v2\/pages"}],"about":[{"href":"https:\/\/heli-divonne.fr\/index.php\/wp-json\/wp\/v2\/types\/page"}],"author":[{"embeddable":true,"href":"https:\/\/heli-divonne.fr\/index.php\/wp-json\/wp\/v2\/users\/1"}],"replies":[{"embeddable":true,"href":"https:\/\/heli-divonne.fr\/index.php\/wp-json\/wp\/v2\/comments?post=123"}],"version-history":[{"count":6,"href":"https:\/\/heli-divonne.fr\/index.php\/wp-json\/wp\/v2\/pages\/123\/revisions"}],"predecessor-version":[{"id":644,"href":"https:\/\/heli-divonne.fr\/index.php\/wp-json\/wp\/v2\/pages\/123\/revisions\/644"}],"wp:attachment":[{"href":"https:\/\/heli-divonne.fr\/index.php\/wp-json\/wp\/v2\/media?parent=123"}],"curies":[{"name":"wp","href":"https:\/\/api.w.org\/{rel}","templated":true}]}}