{"id":106,"date":"2019-11-22T17:10:23","date_gmt":"2019-11-22T16:10:23","guid":{"rendered":"https:\/\/helidovonne.wordpress.com\/?page_id=106"},"modified":"2019-12-03T15:11:28","modified_gmt":"2019-12-03T14:11:28","slug":"la-securite","status":"publish","type":"page","link":"https:\/\/heli-divonne.fr\/index.php\/la-securite\/","title":{"rendered":"La s\u00e9curit\u00e9"},"content":{"rendered":"\n<p>Malgr\u00e9 toutes les pr\u00e9cautions, l&#8217;utilisation d&#8217;un h\u00e9licopt\u00e8re mod\u00e8le r\u00e9duit peut pr\u00e9senter un grand danger potentiel pour le pilote et les spectateurs.<\/p>\n\n\n\n<p>Ne d\u00e9butez jamais l\u2019h\u00e9licopt\u00e8re mod\u00e8le r\u00e9duit, tout seul dans votre jardin, vous ne progresserez pas dans les bonnes conditions. Les conseils que vous donneront les clubs et les \u00e9coles, vous feront gagner du temps et de l\u2019argent.<\/p>\n\n\n\n<p>Un h\u00e9licopt\u00e8re est \u00e9quip\u00e9 de deux rotors tournants \u00e0 grande vitesse qui peuvent occasionner des dommages importants.<\/p>\n\n\n\n<p>La mise en service doit se faire uniquement si le propri\u00e9taire ma\u00eetrise l&#8217;h\u00e9licopt\u00e8re mod\u00e8le r\u00e9duit de mani\u00e8re s\u00fbre.<\/p>\n\n\n\n<p>Les d\u00e9butants devraient passer par un apprentissage dans un club ou une \u00e9cole de pilotage.<\/p>\n\n\n\n<p>Les man\u0153uvres ex\u00e9cut\u00e9es doivent \u00eatre compl\u00e8tement ma\u00eetris\u00e9es.<\/p>\n\n\n\n<p>En cas d&#8217;atterrissage dur, les pales ou d&#8217;autres pi\u00e8ces peuvent \u00eatre endommag\u00e9es sans que l&#8217;on s&#8217;aper\u00e7oive tout de suite.<\/p>\n\n\n\n<p>Pour cela, un contr\u00f4le doit \u00eatre effectu\u00e9 apr\u00e8s chaque vol.<\/p>\n","protected":false},"excerpt":{"rendered":"<p>Malgr\u00e9 toutes les pr\u00e9cautions, l&#8217;utilisation d&#8217;un h\u00e9licopt\u00e8re mod\u00e8le r\u00e9duit peut pr\u00e9senter un grand danger potentiel pour le pilote et les spectateurs. Ne d\u00e9butez jamais l\u2019h\u00e9licopt\u00e8re mod\u00e8le r\u00e9duit, tout seul dans votre jardin, vous ne progresserez pas dans les bonnes conditions. Les conseils que vous donneront les clubs et les \u00e9coles, vous feront gagner du temps [&hellip;]<\/p>\n","protected":false},"author":1,"featured_media":0,"parent":0,"menu_order":0,"comment_status":"closed","ping_status":"closed","template":"","meta":[],"_links":{"self":[{"href":"https:\/\/heli-divonne.fr\/index.php\/wp-json\/wp\/v2\/pages\/106"}],"collection":[{"href":"https:\/\/heli-divonne.fr\/index.php\/wp-json\/wp\/v2\/pages"}],"about":[{"href":"https:\/\/heli-divonne.fr\/index.php\/wp-json\/wp\/v2\/types\/page"}],"author":[{"embeddable":true,"href":"https:\/\/heli-divonne.fr\/index.php\/wp-json\/wp\/v2\/users\/1"}],"replies":[{"embeddable":true,"href":"https:\/\/heli-divonne.fr\/index.php\/wp-json\/wp\/v2\/comments?post=106"}],"version-history":[{"count":2,"href":"https:\/\/heli-divonne.fr\/index.php\/wp-json\/wp\/v2\/pages\/106\/revisions"}],"predecessor-version":[{"id":397,"href":"https:\/\/heli-divonne.fr\/index.php\/wp-json\/wp\/v2\/pages\/106\/revisions\/397"}],"wp:attachment":[{"href":"https:\/\/heli-divonne.fr\/index.php\/wp-json\/wp\/v2\/media?parent=106"}],"curies":[{"name":"wp","href":"https:\/\/api.w.org\/{rel}","templated":true}]}}