{"id":1053,"date":"2024-12-02T20:10:58","date_gmt":"2024-12-02T19:10:58","guid":{"rendered":"https:\/\/heli-divonne.fr\/?page_id=1053"},"modified":"2026-03-22T16:55:38","modified_gmt":"2026-03-22T15:55:38","slug":"inscription-au-sympo-2026","status":"publish","type":"page","link":"https:\/\/heli-divonne.fr\/index.php\/inscription-au-sympo-2026\/","title":{"rendered":"Inscription au Sympo 2026"},"content":{"rendered":"\n<p>Afin d&#8217;organiser au mieux notre rencontre Maquettes, merci de remplir ce formulaire d&#8217;inscription, de plus vous gagnerez du temps lors de votre arriv\u00e9e.<br><br>D\u00e8s votre arriv\u00e9e, confirmez votre pr\u00e9sence \u00e0 la r\u00e9gie de vol.<\/p>\n\n\n\n<div class=\"wpcf7 no-js\" id=\"wpcf7-f1040-o1\" lang=\"en-US\" dir=\"ltr\">\n<div class=\"screen-reader-response\"><p role=\"status\" aria-live=\"polite\" aria-atomic=\"true\"><\/p> <ul><\/ul><\/div>\n<form action=\"\/index.php\/wp-json\/wp\/v2\/pages\/1053#wpcf7-f1040-o1\" method=\"post\" class=\"wpcf7-form init\" aria-label=\"Contact form\" novalidate=\"novalidate\" data-status=\"init\">\n<div style=\"display: none;\">\n<input type=\"hidden\" name=\"_wpcf7\" value=\"1040\" \/>\n<input type=\"hidden\" name=\"_wpcf7_version\" value=\"5.7.2\" \/>\n<input type=\"hidden\" name=\"_wpcf7_locale\" value=\"en_US\" \/>\n<input type=\"hidden\" name=\"_wpcf7_unit_tag\" value=\"wpcf7-f1040-o1\" \/>\n<input type=\"hidden\" name=\"_wpcf7_container_post\" value=\"0\" \/>\n<input type=\"hidden\" name=\"_wpcf7_posted_data_hash\" value=\"\" \/>\n<input type=\"hidden\" name=\"_wpcf7_recaptcha_response\" value=\"\" \/>\n<\/div>\n<p><label> Nom Pr\u00e9nom (obligatoire)<br \/>\n<span class=\"wpcf7-form-control-wrap\" data-name=\"nom\"><input size=\"40\" class=\"wpcf7-form-control wpcf7-text wpcf7-validates-as-required\" aria-required=\"true\" aria-invalid=\"false\" value=\"\" type=\"text\" name=\"nom\" \/><\/span> <\/label>\n<\/p>\n<p><label> Adresse de courriel (obligatoire)<br \/>\n<span class=\"wpcf7-form-control-wrap\" data-name=\"adressedecourriel\"><input size=\"40\" class=\"wpcf7-form-control wpcf7-text wpcf7-email wpcf7-validates-as-required wpcf7-validates-as-email\" aria-required=\"true\" aria-invalid=\"false\" value=\"\" type=\"email\" name=\"adressedecourriel\" \/><\/span> <\/label>\n<\/p>\n<p><label> Adresse postale (obligatoire)<br \/>\n<span class=\"wpcf7-form-control-wrap\" data-name=\"addresspostale\"><textarea cols=\"40\" rows=\"10\" class=\"wpcf7-form-control wpcf7-textarea wpcf7-validates-as-required\" aria-required=\"true\" aria-invalid=\"false\" name=\"addresspostale\"><\/textarea><\/span> <\/label>\n<\/p>\n<p>Assurance<br \/>\n<span class=\"wpcf7-form-control-wrap\" data-name=\"assurancetype\"><span class=\"wpcf7-form-control wpcf7-radio\"><span class=\"wpcf7-list-item first\"><input type=\"radio\" name=\"assurancetype\" value=\"Assurance FFAM\" checked=\"checked\" tabindex=\"\" \/><span class=\"wpcf7-list-item-label\">Assurance FFAM<\/span><\/span><span class=\"wpcf7-list-item last\"><input type=\"radio\" name=\"assurancetype\" value=\"Assurance Priv\u00e9e\" tabindex=\"\" \/><span class=\"wpcf7-list-item-label\">Assurance Priv\u00e9e<\/span><\/span><\/span><\/span>\n<\/p>\n<p><label> N\u00b0 de licence FFAM ou de police d'assurance priv\u00e9e<br \/>\n<span class=\"wpcf7-form-control-wrap\" data-name=\"noassurance\"><input size=\"40\" class=\"wpcf7-form-control wpcf7-text\" aria-invalid=\"false\" value=\"\" type=\"text\" name=\"noassurance\" \/><\/span> <\/label>\n<\/p>\n<p><label> Club<br \/>\n<span class=\"wpcf7-form-control-wrap\" data-name=\"club\"><input size=\"40\" class=\"wpcf7-form-control wpcf7-text\" aria-invalid=\"false\" value=\"\" type=\"text\" name=\"club\" \/><\/span> <\/label>\n<\/p>\n<p><label> Repas samedi midi (personnes)<br \/>\n<span class=\"wpcf7-form-control-wrap\" data-name=\"sam-midi\"><input size=\"40\" class=\"wpcf7-form-control wpcf7-text\" aria-invalid=\"false\" value=\"\" type=\"text\" name=\"sam-midi\" \/><\/span> <\/label>\n<\/p>\n<p><label> Repas samedi soir (personnes)<br \/>\n<span class=\"wpcf7-form-control-wrap\" data-name=\"sam-soir\"><input size=\"40\" class=\"wpcf7-form-control wpcf7-text\" aria-invalid=\"false\" value=\"\" type=\"text\" name=\"sam-soir\" \/><\/span> <\/label>\n<\/p>\n<p><span class=\"wpcf7-form-control-wrap\" data-name=\"declaresurlhonneur-fr\"><span class=\"wpcf7-form-control wpcf7-acceptance\"><span class=\"wpcf7-list-item\"><label><input type=\"checkbox\" name=\"declaresurlhonneur-fr\" value=\"1\" aria-invalid=\"false\" \/><span class=\"wpcf7-list-item-label\">Je d\u00e9clare sur l'honneur que les informations donn\u00e9es sont exactes<\/span><\/label><\/span><\/span><\/span>\n<\/p>\n<p><input class=\"wpcf7-form-control has-spinner wpcf7-submit\" type=\"submit\" value=\"Envoyer votre inscription\" \/>\n<\/p><p style=\"display: none !important;\" class=\"akismet-fields-container\" data-prefix=\"_wpcf7_ak_\"><label>&#916;<textarea name=\"_wpcf7_ak_hp_textarea\" cols=\"45\" rows=\"8\" maxlength=\"100\"><\/textarea><\/label><input type=\"hidden\" id=\"ak_js_1\" name=\"_wpcf7_ak_js\" value=\"223\"\/><script>\ndocument.getElementById( \"ak_js_1\" ).setAttribute( \"value\", ( new Date() ).getTime() );\n<\/script>\n<\/p><div class=\"wpcf7-response-output\" aria-hidden=\"true\"><\/div><\/form><\/div>\n\n\n\n<h2>Avis de confidentialit\u00e9<\/h2>\n\n\n\n<p class=\"has-text-align-left\">L&#8217;association Heli Divonne recueille les informations n\u00e9cessaires \u00e0 la gestion du symposium et \u00e0 la communication avec nos invit\u00e9s.<\/p>\n\n\n\n<p>Tous les renseignements personnels seront supprim\u00e9s dans les 2 mois suivant la fin de l&#8217;\u00e9v\u00e9nement.<\/p>\n\n\n\n<p>Vos donn\u00e9es personnelles ne seront partag\u00e9es avec personne en dehors de l&#8217;association.<\/p>\n\n\n\n<p>Vos donn\u00e9es personnelles ne seront utilis\u00e9es qu&#8217;\u00e0 des fins autres que celles li\u00e9es au symposium.<\/p>\n\n\n\n<p>Si vous n&#8217;\u00eates pas d&#8217;accord avec l&#8217;utilisation de vos donn\u00e9es personnelles telle que d\u00e9crite ci-dessus et que vous souhaitez toujours participer au Symposium, veuillez utiliser le formulaire de contact sur le site et un membre du comit\u00e9 prendra contact avec vous.<\/p>\n\n\n\n<p>Si vous avez des questions concernant l&#8217;utilisation de vos donn\u00e9es personnelles, veuillez utiliser le formulaire de contact sur le site.<\/p>\n","protected":false},"excerpt":{"rendered":"<p>Afin d&#8217;organiser au mieux notre rencontre Maquettes, merci de remplir ce formulaire d&#8217;inscription, de plus vous gagnerez du temps lors de votre arriv\u00e9e. D\u00e8s votre arriv\u00e9e, confirmez votre pr\u00e9sence \u00e0 la r\u00e9gie de vol. Avis de confidentialit\u00e9 L&#8217;association Heli Divonne recueille les informations n\u00e9cessaires \u00e0 la gestion du symposium et \u00e0 la communication avec nos [&hellip;]<\/p>\n","protected":false},"author":1,"featured_media":0,"parent":0,"menu_order":0,"comment_status":"closed","ping_status":"closed","template":"","meta":[],"_links":{"self":[{"href":"https:\/\/heli-divonne.fr\/index.php\/wp-json\/wp\/v2\/pages\/1053"}],"collection":[{"href":"https:\/\/heli-divonne.fr\/index.php\/wp-json\/wp\/v2\/pages"}],"about":[{"href":"https:\/\/heli-divonne.fr\/index.php\/wp-json\/wp\/v2\/types\/page"}],"author":[{"embeddable":true,"href":"https:\/\/heli-divonne.fr\/index.php\/wp-json\/wp\/v2\/users\/1"}],"replies":[{"embeddable":true,"href":"https:\/\/heli-divonne.fr\/index.php\/wp-json\/wp\/v2\/comments?post=1053"}],"version-history":[{"count":4,"href":"https:\/\/heli-divonne.fr\/index.php\/wp-json\/wp\/v2\/pages\/1053\/revisions"}],"predecessor-version":[{"id":1295,"href":"https:\/\/heli-divonne.fr\/index.php\/wp-json\/wp\/v2\/pages\/1053\/revisions\/1295"}],"wp:attachment":[{"href":"https:\/\/heli-divonne.fr\/index.php\/wp-json\/wp\/v2\/media?parent=1053"}],"curies":[{"name":"wp","href":"https:\/\/api.w.org\/{rel}","templated":true}]}}